{"id":904,"date":"2024-10-05T15:30:21","date_gmt":"2024-10-05T15:30:21","guid":{"rendered":"https:\/\/en.odpovednaspolecnost.cz\/en\/?page_id=904"},"modified":"2024-10-30T18:07:27","modified_gmt":"2024-10-30T18:07:27","slug":"simul","status":"publish","type":"page","link":"https:\/\/en.odpovednaspolecnost.cz\/en\/simul\/","title":{"rendered":"SIMUL &#8211; Stimulate Innovative MUltigrade Learning with STEAM Education"},"content":{"rendered":"\t\t<div data-elementor-type=\"wp-page\" data-elementor-id=\"904\" class=\"elementor elementor-904\">\n\t\t\t\t\t\t<section class=\"elementor-section elementor-top-section elementor-element elementor-element-2c663b9 elementor-section-boxed elementor-section-height-default elementor-section-height-default\" data-id=\"2c663b9\" data-element_type=\"section\" data-e-type=\"section\">\n\t\t\t\t\t\t<div class=\"elementor-container elementor-column-gap-default\">\n\t\t\t\t\t<div class=\"elementor-column elementor-col-50 elementor-top-column elementor-element elementor-element-b8d0d0f\" data-id=\"b8d0d0f\" data-element_type=\"column\" data-e-type=\"column\">\n\t\t\t<div class=\"elementor-widget-wrap elementor-element-populated\">\n\t\t\t\t\t\t<div class=\"elementor-element elementor-element-0fc29ff elementor-widget elementor-widget-image\" data-id=\"0fc29ff\" data-element_type=\"widget\" data-e-type=\"widget\" data-widget_type=\"image.default\">\n\t\t\t\t<div class=\"elementor-widget-container\">\n\t\t\t\t\t\t\t\t\t\t\t\t\t\t\t<img fetchpriority=\"high\" decoding=\"async\" width=\"300\" height=\"300\" src=\"https:\/\/en.odpovednaspolecnost.cz\/en\/wp-content\/uploads\/2024\/10\/simul-colours-300x300.png\" class=\"attachment-medium size-medium wp-image-980\" alt=\"\" srcset=\"https:\/\/en.odpovednaspolecnost.cz\/en\/wp-content\/uploads\/2024\/10\/simul-colours-300x300.png 300w, https:\/\/en.odpovednaspolecnost.cz\/en\/wp-content\/uploads\/2024\/10\/simul-colours-150x150.png 150w, https:\/\/en.odpovednaspolecnost.cz\/en\/wp-content\/uploads\/2024\/10\/simul-colours.png 500w\" sizes=\"(max-width: 300px) 100vw, 300px\" \/>\t\t\t\t\t\t\t\t\t\t\t\t\t\t\t<\/div>\n\t\t\t\t<\/div>\n\t\t\t\t\t<\/div>\n\t\t<\/div>\n\t\t\t\t<div class=\"elementor-column elementor-col-50 elementor-top-column elementor-element elementor-element-71550b1\" data-id=\"71550b1\" data-element_type=\"column\" data-e-type=\"column\">\n\t\t\t<div class=\"elementor-widget-wrap elementor-element-populated\">\n\t\t\t\t\t\t<div class=\"elementor-element elementor-element-7cc00e8 elementor-widget elementor-widget-image\" data-id=\"7cc00e8\" data-element_type=\"widget\" data-e-type=\"widget\" data-widget_type=\"image.default\">\n\t\t\t\t<div class=\"elementor-widget-container\">\n\t\t\t\t\t\t\t\t\t\t\t\t\t\t\t<img decoding=\"async\" width=\"285\" height=\"300\" src=\"https:\/\/en.odpovednaspolecnost.cz\/en\/wp-content\/uploads\/2024\/05\/EN_co_fundedvertical_RGB_POS-1-285x300.png\" class=\"attachment-medium size-medium wp-image-810\" alt=\"\" srcset=\"https:\/\/en.odpovednaspolecnost.cz\/en\/wp-content\/uploads\/2024\/05\/EN_co_fundedvertical_RGB_POS-1-285x300.png 285w, https:\/\/en.odpovednaspolecnost.cz\/en\/wp-content\/uploads\/2024\/05\/EN_co_fundedvertical_RGB_POS-1-768x808.png 768w, https:\/\/en.odpovednaspolecnost.cz\/en\/wp-content\/uploads\/2024\/05\/EN_co_fundedvertical_RGB_POS-1.png 899w\" sizes=\"(max-width: 285px) 100vw, 285px\" \/>\t\t\t\t\t\t\t\t\t\t\t\t\t\t\t<\/div>\n\t\t\t\t<\/div>\n\t\t\t\t\t<\/div>\n\t\t<\/div>\n\t\t\t\t\t<\/div>\n\t\t<\/section>\n\t\t\t\t<section class=\"elementor-section elementor-top-section elementor-element elementor-element-234e4f8 elementor-section-boxed elementor-section-height-default elementor-section-height-default\" data-id=\"234e4f8\" data-element_type=\"section\" data-e-type=\"section\">\n\t\t\t\t\t\t<div class=\"elementor-container elementor-column-gap-default\">\n\t\t\t\t\t<div class=\"elementor-column elementor-col-100 elementor-top-column elementor-element elementor-element-57a9845\" data-id=\"57a9845\" data-element_type=\"column\" data-e-type=\"column\">\n\t\t\t<div class=\"elementor-widget-wrap elementor-element-populated\">\n\t\t\t\t\t\t<div class=\"elementor-element elementor-element-e308a94 elementor-widget elementor-widget-heading\" data-id=\"e308a94\" data-element_type=\"widget\" data-e-type=\"widget\" data-widget_type=\"heading.default\">\n\t\t\t\t<div class=\"elementor-widget-container\">\n\t\t\t\t\t<h2 class=\"elementor-heading-title elementor-size-default\"><div style=\"text-align: center\"><font color=\"#4a4a4a\" face=\"Roboto Slab, serif\"><span>SIMUL<\/span><span style=\"font-weight: 400\"> - Stimulate Innovative MUltigrade Learning with STEAM Education<\/span><\/font><span style=\"color: var( --e-global-color-primary );font-family: var( --e-global-typography-primary-font-family ), roboto;font-size: 2.14286rem;font-weight: var( --e-global-typography-primary-font-weight )\"><\/span><\/div><\/h2>\t\t\t\t<\/div>\n\t\t\t\t<\/div>\n\t\t\t\t\t<\/div>\n\t\t<\/div>\n\t\t\t\t\t<\/div>\n\t\t<\/section>\n\t\t\t\t<section class=\"elementor-section elementor-top-section elementor-element elementor-element-6a2ed1e elementor-section-boxed elementor-section-height-default elementor-section-height-default\" data-id=\"6a2ed1e\" data-element_type=\"section\" data-e-type=\"section\">\n\t\t\t\t\t\t<div class=\"elementor-container elementor-column-gap-default\">\n\t\t\t\t\t<div class=\"elementor-column elementor-col-100 elementor-top-column elementor-element elementor-element-56d6763\" data-id=\"56d6763\" data-element_type=\"column\" data-e-type=\"column\">\n\t\t\t<div class=\"elementor-widget-wrap elementor-element-populated\">\n\t\t\t\t\t\t<div class=\"elementor-element elementor-element-c9b7aa2 elementor-widget elementor-widget-text-editor\" data-id=\"c9b7aa2\" data-element_type=\"widget\" data-e-type=\"widget\" data-widget_type=\"text-editor.default\">\n\t\t\t\t<div class=\"elementor-widget-container\">\n\t\t\t\t\t\t\t\t\t<p style=\"font-size: 14px; font-weight: 400;\"><i><span style=\"font-size: 14px; font-weight: 400; color: var( --e-global-color-text ); font-family: var( --e-global-typography-text-font-family ), roboto;\">Programme Erasmus+&nbsp;<\/span><span style=\"font-size: 14px; font-weight: 400; color: var( --e-global-color-text ); font-family: var( --e-global-typography-text-font-family ), roboto;\">Cooperation partnerships in the School Sector (<\/span><span style=\"font-size: 14px; font-weight: 400; color: var( --e-global-color-text ); font-family: var( --e-global-typography-text-font-family ), roboto;\">Call&nbsp;<\/span><span style=\"font-size: 14px; font-weight: 400; color: var( --e-global-color-text ); font-family: var( --e-global-typography-text-font-family ), roboto;\">2023:&nbsp;<\/span><span style=\"font-size: 14px; font-weight: 400; color: var( --e-global-color-text ); font-family: var( --e-global-typography-text-font-family ), roboto;\">KA210-SCH)<\/span><span style=\"font-size: 14px; font-weight: 400; font-family: var( --e-global-typography-text-font-family ), roboto; color: rgba(0, 0, 0, 0);\">)<\/span><\/i><\/p>\n<p style=\"font-size: 14px; font-weight: 400;\"><i>The European Commission\u2019s support for the production of this publication does not constitute an endorsement of the contents, which reflect the views only of the authors, and the Commission cannot be held responsible for any use which may be made of the information contained therein.<\/i><\/p>\t\t\t\t\t\t\t\t<\/div>\n\t\t\t\t<\/div>\n\t\t\t\t\t<\/div>\n\t\t<\/div>\n\t\t\t\t\t<\/div>\n\t\t<\/section>\n\t\t\t\t<section class=\"elementor-section elementor-top-section elementor-element elementor-element-04bb90f elementor-section-boxed elementor-section-height-default elementor-section-height-default\" data-id=\"04bb90f\" data-element_type=\"section\" data-e-type=\"section\">\n\t\t\t\t\t\t<div class=\"elementor-container elementor-column-gap-default\">\n\t\t\t\t\t<div class=\"elementor-column elementor-col-100 elementor-top-column elementor-element elementor-element-55fbcd4\" data-id=\"55fbcd4\" data-element_type=\"column\" data-e-type=\"column\">\n\t\t\t<div class=\"elementor-widget-wrap elementor-element-populated\">\n\t\t\t\t\t\t<div class=\"elementor-element elementor-element-6383b1b elementor-widget elementor-widget-heading\" data-id=\"6383b1b\" data-element_type=\"widget\" data-e-type=\"widget\" data-widget_type=\"heading.default\">\n\t\t\t\t<div class=\"elementor-widget-container\">\n\t\t\t\t\t<h5 class=\"elementor-heading-title elementor-size-default\">Project Description<\/h5>\t\t\t\t<\/div>\n\t\t\t\t<\/div>\n\t\t\t\t\t<\/div>\n\t\t<\/div>\n\t\t\t\t\t<\/div>\n\t\t<\/section>\n\t\t\t\t<section class=\"elementor-section elementor-top-section elementor-element elementor-element-821fd73 elementor-section-boxed elementor-section-height-default elementor-section-height-default\" data-id=\"821fd73\" data-element_type=\"section\" data-e-type=\"section\">\n\t\t\t\t\t\t<div class=\"elementor-container elementor-column-gap-default\">\n\t\t\t\t\t<div class=\"elementor-column elementor-col-100 elementor-top-column elementor-element elementor-element-038ce5c\" data-id=\"038ce5c\" data-element_type=\"column\" data-e-type=\"column\" data-settings=\"{&quot;background_background&quot;:&quot;classic&quot;}\">\n\t\t\t<div class=\"elementor-widget-wrap elementor-element-populated\">\n\t\t\t\t\t\t<div class=\"elementor-element elementor-element-ab824da elementor-widget elementor-widget-text-editor\" data-id=\"ab824da\" data-element_type=\"widget\" data-e-type=\"widget\" data-widget_type=\"text-editor.default\">\n\t\t\t\t<div class=\"elementor-widget-container\">\n\t\t\t\t\t\t\t\t\t<p>The SIMUL project aims to <b>support teachers and students engaged in a Multigrade Classroom Implementation<\/b> (MCI) <b>to strengthen STEM<\/b> (Science, Technology, Engineering, Mathematics) <b>skills<\/b> and promote digital literacy and environmental sustainability.<\/p><p>The term &#8222;Multigrade Classroom Implementation&#8220; (MCI) is used in literature to refer to educational settings related to <b>multigrade or combined classes<\/b>, where students of different ages and grades are engaged in a single physical class, facing varying levels of complexity in learning.<\/p><p>Although the STEAM (Science, Technology, Engineering, Arts, Mathematics) approach has shown positive responses in teaching and learning mathematics and scientific subjects, it can be even more valuable in multigrade contexts, replacing traditional frontal lessons.<b> Learning through the STEAM approach is based on interdisciplinary and transdisciplinary methods<\/b>, recognizing interactions between subjects and the complexity of reality.<\/p>\t\t\t\t\t\t\t\t<\/div>\n\t\t\t\t<\/div>\n\t\t\t\t\t<\/div>\n\t\t<\/div>\n\t\t\t\t\t<\/div>\n\t\t<\/section>\n\t\t\t\t<section class=\"elementor-section elementor-top-section elementor-element elementor-element-ce910d4 elementor-section-boxed elementor-section-height-default elementor-section-height-default\" data-id=\"ce910d4\" data-element_type=\"section\" data-e-type=\"section\">\n\t\t\t\t\t\t<div class=\"elementor-container elementor-column-gap-default\">\n\t\t\t\t\t<div class=\"elementor-column elementor-col-100 elementor-top-column elementor-element elementor-element-ddec4da\" data-id=\"ddec4da\" data-element_type=\"column\" data-e-type=\"column\">\n\t\t\t<div class=\"elementor-widget-wrap elementor-element-populated\">\n\t\t\t\t\t\t<div class=\"elementor-element elementor-element-99b76b1 elementor-widget elementor-widget-heading\" data-id=\"99b76b1\" data-element_type=\"widget\" data-e-type=\"widget\" data-widget_type=\"heading.default\">\n\t\t\t\t<div class=\"elementor-widget-container\">\n\t\t\t\t\t<h5 class=\"elementor-heading-title elementor-size-default\">The project foresees:<\/h5>\t\t\t\t<\/div>\n\t\t\t\t<\/div>\n\t\t\t\t\t<\/div>\n\t\t<\/div>\n\t\t\t\t\t<\/div>\n\t\t<\/section>\n\t\t\t\t<section class=\"elementor-section elementor-top-section elementor-element elementor-element-1fc4f5b elementor-section-boxed elementor-section-height-default elementor-section-height-default\" data-id=\"1fc4f5b\" data-element_type=\"section\" data-e-type=\"section\">\n\t\t\t\t\t\t<div class=\"elementor-container elementor-column-gap-default\">\n\t\t\t\t\t<div class=\"elementor-column elementor-col-50 elementor-top-column elementor-element elementor-element-93a277c\" data-id=\"93a277c\" data-element_type=\"column\" data-e-type=\"column\">\n\t\t\t<div class=\"elementor-widget-wrap elementor-element-populated\">\n\t\t\t\t\t\t<div class=\"elementor-element elementor-element-6e7f626 elementor-widget elementor-widget-text-editor\" data-id=\"6e7f626\" data-element_type=\"widget\" data-e-type=\"widget\" data-widget_type=\"text-editor.default\">\n\t\t\t\t<div class=\"elementor-widget-container\">\n\t\t\t\t\t\t\t\t\t<p>Assistance in teaching and learning scientific disciplines through the STEAM approach, with the <b>development, testing, validation, and online publication in multiple languages of a Toolkit consisting of 8 workshops related to STEM subjects<\/b>. These practical activities are explicitly designed to engage students of different ages (6-10 years) simultaneously, addressing curricular needs. The workshops will propose cross-cutting content for digital development (5 workshops) and ecological awareness (3 workshops).<\/p>\t\t\t\t\t\t\t\t<\/div>\n\t\t\t\t<\/div>\n\t\t\t\t\t<\/div>\n\t\t<\/div>\n\t\t\t\t<div class=\"elementor-column elementor-col-50 elementor-top-column elementor-element elementor-element-94a2b89\" data-id=\"94a2b89\" data-element_type=\"column\" data-e-type=\"column\">\n\t\t\t<div class=\"elementor-widget-wrap elementor-element-populated\">\n\t\t\t\t\t\t<div class=\"elementor-element elementor-element-83457c6 elementor-widget elementor-widget-text-editor\" data-id=\"83457c6\" data-element_type=\"widget\" data-e-type=\"widget\" data-widget_type=\"text-editor.default\">\n\t\t\t\t<div class=\"elementor-widget-container\">\n\t\t\t\t\t\t\t\t\t<p>Support for teachers and students in multigrade schools through the <b>&#8222;SIMUL Docere&#8220; guidelines developed for STEM teaching in multigrade classes, focusing on methodologies<\/b> (e.g., place-based education, cooperative learning, peer tutoring, etc.) <b>and best practices<\/b>. For teachers, this provides an opportunity to rethink scientific teaching activities more productively and learn to design new activities with a STEAM approach.<\/p>\t\t\t\t\t\t\t\t<\/div>\n\t\t\t\t<\/div>\n\t\t\t\t\t<\/div>\n\t\t<\/div>\n\t\t\t\t\t<\/div>\n\t\t<\/section>\n\t\t\t\t<section class=\"elementor-section elementor-top-section elementor-element elementor-element-df5f42e elementor-section-boxed elementor-section-height-default elementor-section-height-default\" data-id=\"df5f42e\" data-element_type=\"section\" data-e-type=\"section\">\n\t\t\t\t\t\t<div class=\"elementor-container elementor-column-gap-default\">\n\t\t\t\t\t<div class=\"elementor-column elementor-col-100 elementor-top-column elementor-element elementor-element-055e118\" data-id=\"055e118\" data-element_type=\"column\" data-e-type=\"column\">\n\t\t\t<div class=\"elementor-widget-wrap elementor-element-populated\">\n\t\t\t\t\t\t<div class=\"elementor-element elementor-element-31193bd elementor-widget elementor-widget-heading\" data-id=\"31193bd\" data-element_type=\"widget\" data-e-type=\"widget\" data-widget_type=\"heading.default\">\n\t\t\t\t<div class=\"elementor-widget-container\">\n\t\t\t\t\t<h5 class=\"elementor-heading-title elementor-size-default\">Project partners<\/h5>\t\t\t\t<\/div>\n\t\t\t\t<\/div>\n\t\t\t\t\t<\/div>\n\t\t<\/div>\n\t\t\t\t\t<\/div>\n\t\t<\/section>\n\t\t\t\t<section class=\"elementor-section elementor-top-section elementor-element elementor-element-9cb6406 elementor-section-boxed elementor-section-height-default elementor-section-height-default\" data-id=\"9cb6406\" data-element_type=\"section\" data-e-type=\"section\">\n\t\t\t\t\t\t<div class=\"elementor-container elementor-column-gap-default\">\n\t\t\t\t\t<div class=\"elementor-column elementor-col-100 elementor-top-column elementor-element elementor-element-a34d974\" data-id=\"a34d974\" data-element_type=\"column\" data-e-type=\"column\">\n\t\t\t<div class=\"elementor-widget-wrap elementor-element-populated\">\n\t\t\t\t\t\t<div class=\"elementor-element elementor-element-6d6a6dd elementor-widget elementor-widget-text-editor\" data-id=\"6d6a6dd\" data-element_type=\"widget\" data-e-type=\"widget\" data-widget_type=\"text-editor.default\">\n\t\t\t\t<div class=\"elementor-widget-container\">\n\t\t\t\t\t\t\t\t\t<p>Associazione LUMEN APS (Italy), Istituto Comprensivo Francesco Berti (Italy), Scoala Gimnaziala &#8222;Marcus Aurelius&#8220;Creaca (Romania), European Center of Entrepreneurship Competence &amp; Excellence (Austria)<\/p>\t\t\t\t\t\t\t\t<\/div>\n\t\t\t\t<\/div>\n\t\t\t\t\t<\/div>\n\t\t<\/div>\n\t\t\t\t\t<\/div>\n\t\t<\/section>\n\t\t\t\t<\/div>\n\t\t","protected":false},"excerpt":{"rendered":"<p>SIMUL &#8211; Stimulate Innovative MUltigrade Learning with STEAM Education Programme Erasmus+&nbsp;Cooperation partnerships in the School Sector (Call&nbsp;2023:&nbsp;KA210-SCH)) The European Commission\u2019s support for the production of this publication does not constitute an endorsement of the contents, which reflect the views only of the authors, and the Commission cannot be held responsible for any use which may &hellip;<\/p>\n<p class=\"read-more\"> <a class=\"\" href=\"https:\/\/en.odpovednaspolecnost.cz\/en\/simul\/\"> <span class=\"screen-reader-text\">SIMUL &#8211; Stimulate Innovative MUltigrade Learning with STEAM Education<\/span> Pokra\u010dovat ve \u010dten\u00ed &raquo;<\/a><\/p>\n","protected":false},"author":1,"featured_media":0,"parent":0,"menu_order":0,"comment_status":"closed","ping_status":"closed","template":"","meta":{"inline_featured_image":false,"footnotes":""},"class_list":["post-904","page","type-page","status-publish","hentry"],"_links":{"self":[{"href":"https:\/\/en.odpovednaspolecnost.cz\/en\/wp-json\/wp\/v2\/pages\/904","targetHints":{"allow":["GET"]}}],"collection":[{"href":"https:\/\/en.odpovednaspolecnost.cz\/en\/wp-json\/wp\/v2\/pages"}],"about":[{"href":"https:\/\/en.odpovednaspolecnost.cz\/en\/wp-json\/wp\/v2\/types\/page"}],"author":[{"embeddable":true,"href":"https:\/\/en.odpovednaspolecnost.cz\/en\/wp-json\/wp\/v2\/users\/1"}],"replies":[{"embeddable":true,"href":"https:\/\/en.odpovednaspolecnost.cz\/en\/wp-json\/wp\/v2\/comments?post=904"}],"version-history":[{"count":40,"href":"https:\/\/en.odpovednaspolecnost.cz\/en\/wp-json\/wp\/v2\/pages\/904\/revisions"}],"predecessor-version":[{"id":983,"href":"https:\/\/en.odpovednaspolecnost.cz\/en\/wp-json\/wp\/v2\/pages\/904\/revisions\/983"}],"wp:attachment":[{"href":"https:\/\/en.odpovednaspolecnost.cz\/en\/wp-json\/wp\/v2\/media?parent=904"}],"curies":[{"name":"wp","href":"https:\/\/api.w.org\/{rel}","templated":true}]}}