{"id":877,"date":"2024-10-04T16:39:59","date_gmt":"2024-10-04T16:39:59","guid":{"rendered":"https:\/\/en.odpovednaspolecnost.cz\/en\/?page_id=877"},"modified":"2024-10-06T10:02:38","modified_gmt":"2024-10-06T10:02:38","slug":"future-forward","status":"publish","type":"page","link":"https:\/\/en.odpovednaspolecnost.cz\/en\/future-forward\/","title":{"rendered":"FUTURE FORWARD &#8211; Empowering adult learners to use AI for everyday life and work"},"content":{"rendered":"\t\t<div data-elementor-type=\"wp-page\" data-elementor-id=\"877\" class=\"elementor elementor-877\">\n\t\t\t\t\t\t<section class=\"elementor-section elementor-top-section elementor-element elementor-element-c288e9e elementor-section-boxed elementor-section-height-default elementor-section-height-default\" data-id=\"c288e9e\" data-element_type=\"section\" data-e-type=\"section\">\n\t\t\t\t\t\t<div class=\"elementor-container elementor-column-gap-default\">\n\t\t\t\t\t<div class=\"elementor-column elementor-col-50 elementor-top-column elementor-element elementor-element-b25df39\" data-id=\"b25df39\" data-element_type=\"column\" data-e-type=\"column\">\n\t\t\t<div class=\"elementor-widget-wrap\">\n\t\t\t\t\t\t\t<\/div>\n\t\t<\/div>\n\t\t\t\t<div class=\"elementor-column elementor-col-50 elementor-top-column elementor-element elementor-element-94903bf\" data-id=\"94903bf\" data-element_type=\"column\" data-e-type=\"column\">\n\t\t\t<div class=\"elementor-widget-wrap elementor-element-populated\">\n\t\t\t\t\t\t<div class=\"elementor-element elementor-element-515bfd8 elementor-widget elementor-widget-image\" data-id=\"515bfd8\" data-element_type=\"widget\" data-e-type=\"widget\" data-widget_type=\"image.default\">\n\t\t\t\t<div class=\"elementor-widget-container\">\n\t\t\t\t\t\t\t\t\t\t\t\t\t\t\t<img fetchpriority=\"high\" decoding=\"async\" width=\"285\" height=\"300\" src=\"https:\/\/en.odpovednaspolecnost.cz\/en\/wp-content\/uploads\/2024\/05\/EN_co_fundedvertical_RGB_POS-285x300.png\" class=\"attachment-medium size-medium wp-image-805\" alt=\"\" srcset=\"https:\/\/en.odpovednaspolecnost.cz\/en\/wp-content\/uploads\/2024\/05\/EN_co_fundedvertical_RGB_POS-285x300.png 285w, https:\/\/en.odpovednaspolecnost.cz\/en\/wp-content\/uploads\/2024\/05\/EN_co_fundedvertical_RGB_POS-768x808.png 768w, https:\/\/en.odpovednaspolecnost.cz\/en\/wp-content\/uploads\/2024\/05\/EN_co_fundedvertical_RGB_POS.png 899w\" sizes=\"(max-width: 285px) 100vw, 285px\" \/>\t\t\t\t\t\t\t\t\t\t\t\t\t\t\t<\/div>\n\t\t\t\t<\/div>\n\t\t\t\t\t<\/div>\n\t\t<\/div>\n\t\t\t\t\t<\/div>\n\t\t<\/section>\n\t\t\t\t<section class=\"elementor-section elementor-top-section elementor-element elementor-element-b6b7004 elementor-section-boxed elementor-section-height-default elementor-section-height-default\" data-id=\"b6b7004\" data-element_type=\"section\" data-e-type=\"section\">\n\t\t\t\t\t\t<div class=\"elementor-container elementor-column-gap-default\">\n\t\t\t\t\t<div class=\"elementor-column elementor-col-100 elementor-top-column elementor-element elementor-element-84671f4\" data-id=\"84671f4\" data-element_type=\"column\" data-e-type=\"column\">\n\t\t\t<div class=\"elementor-widget-wrap elementor-element-populated\">\n\t\t\t\t\t\t<div class=\"elementor-element elementor-element-dba32cb elementor-widget elementor-widget-heading\" data-id=\"dba32cb\" data-element_type=\"widget\" data-e-type=\"widget\" data-widget_type=\"heading.default\">\n\t\t\t\t<div class=\"elementor-widget-container\">\n\t\t\t\t\t<h2 class=\"elementor-heading-title elementor-size-default\"><h2><span><b>Future Forward<\/b> - Empowering adult learners to use AI for everyday life and work<\/span><span style=\"color: var( --e-global-color-primary );font-family: var( --e-global-typography-primary-font-family ), roboto;font-size: 2.14286rem;font-weight: var( --e-global-typography-primary-font-weight )\"><\/span><\/h2><\/h2>\t\t\t\t<\/div>\n\t\t\t\t<\/div>\n\t\t\t\t\t<\/div>\n\t\t<\/div>\n\t\t\t\t\t<\/div>\n\t\t<\/section>\n\t\t\t\t<section class=\"elementor-section elementor-top-section elementor-element elementor-element-d5eb09f elementor-section-boxed elementor-section-height-default elementor-section-height-default\" data-id=\"d5eb09f\" data-element_type=\"section\" data-e-type=\"section\">\n\t\t\t\t\t\t<div class=\"elementor-container elementor-column-gap-default\">\n\t\t\t\t\t<div class=\"elementor-column elementor-col-100 elementor-top-column elementor-element elementor-element-8611291\" data-id=\"8611291\" data-element_type=\"column\" data-e-type=\"column\">\n\t\t\t<div class=\"elementor-widget-wrap elementor-element-populated\">\n\t\t\t\t\t\t<div class=\"elementor-element elementor-element-735e616 elementor-widget elementor-widget-text-editor\" data-id=\"735e616\" data-element_type=\"widget\" data-e-type=\"widget\" data-widget_type=\"text-editor.default\">\n\t\t\t\t<div class=\"elementor-widget-container\">\n\t\t\t\t\t\t\t\t\t<p><i><span style=\"font-size: 14px; font-weight: 400; color: var( --e-global-color-text ); font-family: var( --e-global-typography-text-font-family ), roboto;\">Programme Erasmus+&nbsp;<\/span><span style=\"font-size: 14px; font-weight: 400; color: var( --e-global-color-text ); font-family: var( --e-global-typography-text-font-family ), roboto;\">Cooperation partnerships in the Adult Sector (<\/span><span style=\"font-size: 14px; font-weight: 400; color: var( --e-global-color-text ); font-family: var( --e-global-typography-text-font-family ), roboto;\">Call&nbsp;<\/span><span style=\"font-size: 14px; font-weight: 400; color: var( --e-global-color-text ); font-family: var( --e-global-typography-text-font-family ), roboto;\">2024:&nbsp;<\/span><span style=\"font-size: 14px; font-weight: 400; color: var( --e-global-color-text ); font-family: var( --e-global-typography-text-font-family ), roboto;\">KA220-ADU)<\/span><span style=\"font-size: 14px; font-weight: 400; font-family: var( --e-global-typography-text-font-family ), roboto; color: rgba(0, 0, 0, 0);\">)<\/span><\/i><\/p>\n<p style=\"font-size: 14px; font-weight: 400;\"><i>The European Commission\u2019s support for the production of this publication does not constitute an endorsement of the contents, which reflect the views only of the authors, and the Commission cannot be held responsible for any use which may be made of the information contained therein.<\/i><\/p>\t\t\t\t\t\t\t\t<\/div>\n\t\t\t\t<\/div>\n\t\t\t\t\t<\/div>\n\t\t<\/div>\n\t\t\t\t\t<\/div>\n\t\t<\/section>\n\t\t\t\t<section class=\"elementor-section elementor-top-section elementor-element elementor-element-a4a58d6 elementor-section-boxed elementor-section-height-default elementor-section-height-default\" data-id=\"a4a58d6\" data-element_type=\"section\" data-e-type=\"section\">\n\t\t\t\t\t\t<div class=\"elementor-container elementor-column-gap-default\">\n\t\t\t\t\t<div class=\"elementor-column elementor-col-100 elementor-top-column elementor-element elementor-element-e30457a\" data-id=\"e30457a\" data-element_type=\"column\" data-e-type=\"column\">\n\t\t\t<div class=\"elementor-widget-wrap elementor-element-populated\">\n\t\t\t\t\t\t<div class=\"elementor-element elementor-element-b6453de elementor-widget elementor-widget-heading\" data-id=\"b6453de\" data-element_type=\"widget\" data-e-type=\"widget\" data-widget_type=\"heading.default\">\n\t\t\t\t<div class=\"elementor-widget-container\">\n\t\t\t\t\t<h5 class=\"elementor-heading-title elementor-size-default\">Objectives<\/h5>\t\t\t\t<\/div>\n\t\t\t\t<\/div>\n\t\t\t\t\t<\/div>\n\t\t<\/div>\n\t\t\t\t\t<\/div>\n\t\t<\/section>\n\t\t\t\t<section class=\"elementor-section elementor-top-section elementor-element elementor-element-3922780 elementor-section-boxed elementor-section-height-default elementor-section-height-default\" data-id=\"3922780\" data-element_type=\"section\" data-e-type=\"section\">\n\t\t\t\t\t\t<div class=\"elementor-container elementor-column-gap-default\">\n\t\t\t\t\t<div class=\"elementor-column elementor-col-100 elementor-top-column elementor-element elementor-element-f409fc9\" data-id=\"f409fc9\" data-element_type=\"column\" data-e-type=\"column\" data-settings=\"{&quot;background_background&quot;:&quot;classic&quot;}\">\n\t\t\t<div class=\"elementor-widget-wrap elementor-element-populated\">\n\t\t\t\t\t\t<div class=\"elementor-element elementor-element-f91cf26 elementor-widget elementor-widget-text-editor\" data-id=\"f91cf26\" data-element_type=\"widget\" data-e-type=\"widget\" data-widget_type=\"text-editor.default\">\n\t\t\t\t<div class=\"elementor-widget-container\">\n\t\t\t\t\t\t\t\t\t<p><b>The project aims to:<\/b><\/p><ul><li>Improve the knowledge, skills, and competencies of adult educators in order to deliver effective and engaging basic training, for adult learners, focused on how to access and use AI tools.<\/li><li>Improve the knowledge, skills, and competencies of adult learners in order to enhance accessibility and safe use of AI-based services.<\/li><\/ul>\t\t\t\t\t\t\t\t<\/div>\n\t\t\t\t<\/div>\n\t\t\t\t\t<\/div>\n\t\t<\/div>\n\t\t\t\t\t<\/div>\n\t\t<\/section>\n\t\t\t\t<section class=\"elementor-section elementor-top-section elementor-element elementor-element-97f2390 elementor-section-boxed elementor-section-height-default elementor-section-height-default\" data-id=\"97f2390\" data-element_type=\"section\" data-e-type=\"section\">\n\t\t\t\t\t\t<div class=\"elementor-container elementor-column-gap-default\">\n\t\t\t\t\t<div class=\"elementor-column elementor-col-100 elementor-top-column elementor-element elementor-element-0a97bc5\" data-id=\"0a97bc5\" data-element_type=\"column\" data-e-type=\"column\">\n\t\t\t<div class=\"elementor-widget-wrap elementor-element-populated\">\n\t\t\t\t\t\t<div class=\"elementor-element elementor-element-b83dcc4 elementor-widget elementor-widget-heading\" data-id=\"b83dcc4\" data-element_type=\"widget\" data-e-type=\"widget\" data-widget_type=\"heading.default\">\n\t\t\t\t<div class=\"elementor-widget-container\">\n\t\t\t\t\t<h5 class=\"elementor-heading-title elementor-size-default\">Results<\/h5>\t\t\t\t<\/div>\n\t\t\t\t<\/div>\n\t\t\t\t\t<\/div>\n\t\t<\/div>\n\t\t\t\t\t<\/div>\n\t\t<\/section>\n\t\t\t\t<section class=\"elementor-section elementor-top-section elementor-element elementor-element-4146b3c elementor-section-boxed elementor-section-height-default elementor-section-height-default\" data-id=\"4146b3c\" data-element_type=\"section\" data-e-type=\"section\">\n\t\t\t\t\t\t<div class=\"elementor-container elementor-column-gap-default\">\n\t\t\t\t\t<div class=\"elementor-column elementor-col-20 elementor-top-column elementor-element elementor-element-1756d29\" data-id=\"1756d29\" data-element_type=\"column\" data-e-type=\"column\" data-settings=\"{&quot;background_background&quot;:&quot;classic&quot;}\">\n\t\t\t<div class=\"elementor-widget-wrap elementor-element-populated\">\n\t\t\t\t\t\t<div class=\"elementor-element elementor-element-b4848cf elementor-widget elementor-widget-text-editor\" data-id=\"b4848cf\" data-element_type=\"widget\" data-e-type=\"widget\" data-widget_type=\"text-editor.default\">\n\t\t\t\t<div class=\"elementor-widget-container\">\n\t\t\t\t\t\t\t\t\t<p><b>Online Trainer Platform<\/b>: it provides educators with online supporting materials and tools, necessary to\u00a0<span style=\"font-size: 14px; color: var( --e-global-color-text ); font-family: var( --e-global-typography-text-font-family ), roboto; background-color: var( --e-global-color-84ae409 );\">implement, support, manage, and assess effective training for adult learners on how to use AI tools.<\/span><\/p>\t\t\t\t\t\t\t\t<\/div>\n\t\t\t\t<\/div>\n\t\t\t\t\t<\/div>\n\t\t<\/div>\n\t\t\t\t<div class=\"elementor-column elementor-col-20 elementor-top-column elementor-element elementor-element-a995756\" data-id=\"a995756\" data-element_type=\"column\" data-e-type=\"column\">\n\t\t\t<div class=\"elementor-widget-wrap elementor-element-populated\">\n\t\t\t\t\t\t<div class=\"elementor-element elementor-element-c323e33 elementor-widget elementor-widget-text-editor\" data-id=\"c323e33\" data-element_type=\"widget\" data-e-type=\"widget\" data-widget_type=\"text-editor.default\">\n\t\t\t\t<div class=\"elementor-widget-container\">\n\t\t\t\t\t\t\t\t\t<p><b>Transnational Training Course<\/b>: it will complement the Platform with a 5-day training course for adult\u00a0<span style=\"font-size: 14px; color: var( --e-global-color-text ); font-family: var( --e-global-typography-text-font-family ), roboto;\">educators to develop competencies for the implementation of basic training paths on AI for adult learners.<\/span><\/p>\t\t\t\t\t\t\t\t<\/div>\n\t\t\t\t<\/div>\n\t\t\t\t\t<\/div>\n\t\t<\/div>\n\t\t\t\t<div class=\"elementor-column elementor-col-20 elementor-top-column elementor-element elementor-element-311179e\" data-id=\"311179e\" data-element_type=\"column\" data-e-type=\"column\" data-settings=\"{&quot;background_background&quot;:&quot;classic&quot;}\">\n\t\t\t<div class=\"elementor-widget-wrap elementor-element-populated\">\n\t\t\t\t\t\t<div class=\"elementor-element elementor-element-095a504 elementor-widget elementor-widget-text-editor\" data-id=\"095a504\" data-element_type=\"widget\" data-e-type=\"widget\" data-widget_type=\"text-editor.default\">\n\t\t\t\t<div class=\"elementor-widget-container\">\n\t\t\t\t\t\t\t\t\t<p><b>Use cases Animations<\/b>: they will be use case animations reproducing in a visual way how AI can be used in\u00a0<span style=\"font-size: 14px; color: var( --e-global-color-text ); font-family: var( --e-global-typography-text-font-family ), roboto; background-color: var( --e-global-color-84ae409 );\">different contexts of everyday life and work. It will allow adult learners to understand\u00a0<\/span><span style=\"font-size: 14px; color: var( --e-global-color-text ); font-family: var( --e-global-typography-text-font-family ), roboto; background-color: var( --e-global-color-84ae409 );\">complex concepts related to how to access and use AI tools\u00a0<\/span><span style=\"font-size: 14px; font-style: normal; font-weight: 400; color: var( --e-global-color-text ); font-family: var( --e-global-typography-text-font-family ), roboto; background-color: var( --e-global-color-84ae409 );\">in a simple way<\/span><span style=\"background-color: var( --e-global-color-84ae409 ); color: var( --e-global-color-text ); font-family: var( --e-global-typography-text-font-family ), roboto; font-size: 14px;\">, including opportunities and risks.<\/span><\/p>\t\t\t\t\t\t\t\t<\/div>\n\t\t\t\t<\/div>\n\t\t\t\t\t<\/div>\n\t\t<\/div>\n\t\t\t\t<div class=\"elementor-column elementor-col-20 elementor-top-column elementor-element elementor-element-8354497\" data-id=\"8354497\" data-element_type=\"column\" data-e-type=\"column\">\n\t\t\t<div class=\"elementor-widget-wrap elementor-element-populated\">\n\t\t\t\t\t\t<div class=\"elementor-element elementor-element-7f5aaed elementor-widget elementor-widget-text-editor\" data-id=\"7f5aaed\" data-element_type=\"widget\" data-e-type=\"widget\" data-widget_type=\"text-editor.default\">\n\t\t\t\t<div class=\"elementor-widget-container\">\n\t\t\t\t\t\t\t\t\t<p><b>MOOC<\/b>: it consists of an open web-based training course for adult learners supporting the achievement of\u00a0<span style=\"font-size: 14px; color: var( --e-global-color-text ); font-family: var( --e-global-typography-text-font-family ), roboto;\">basic digital competencies related to how to properly access and use AI tools. It will enable adult learners to\u00a0<\/span><span style=\"font-size: 14px; color: var( --e-global-color-text ); font-family: var( --e-global-typography-text-font-family ), roboto;\">access AI-based services and prevent related risks.<\/span><\/p>\t\t\t\t\t\t\t\t<\/div>\n\t\t\t\t<\/div>\n\t\t\t\t\t<\/div>\n\t\t<\/div>\n\t\t\t\t<div class=\"elementor-column elementor-col-20 elementor-top-column elementor-element elementor-element-1b35635\" data-id=\"1b35635\" data-element_type=\"column\" data-e-type=\"column\" data-settings=\"{&quot;background_background&quot;:&quot;classic&quot;}\">\n\t\t\t<div class=\"elementor-widget-wrap elementor-element-populated\">\n\t\t\t\t\t\t<div class=\"elementor-element elementor-element-855f404 elementor-widget elementor-widget-text-editor\" data-id=\"855f404\" data-element_type=\"widget\" data-e-type=\"widget\" data-widget_type=\"text-editor.default\">\n\t\t\t\t<div class=\"elementor-widget-container\">\n\t\t\t\t\t\t\t\t\t<p>2 <b>Multiplier events<\/b> in each partner country addressed to the target group and stakeholders<\/p><p>3 <b>Transnational project meetings<\/b> (Italy, Spain, and Germany) involving 2 staff members per meeting.<\/p>\t\t\t\t\t\t\t\t<\/div>\n\t\t\t\t<\/div>\n\t\t\t\t\t<\/div>\n\t\t<\/div>\n\t\t\t\t\t<\/div>\n\t\t<\/section>\n\t\t\t\t<section class=\"elementor-section elementor-top-section elementor-element elementor-element-e5b52dd elementor-section-boxed elementor-section-height-default elementor-section-height-default\" data-id=\"e5b52dd\" data-element_type=\"section\" data-e-type=\"section\">\n\t\t\t\t\t\t<div class=\"elementor-container elementor-column-gap-default\">\n\t\t\t\t\t<div class=\"elementor-column elementor-col-100 elementor-top-column elementor-element elementor-element-5cdc348\" data-id=\"5cdc348\" data-element_type=\"column\" data-e-type=\"column\">\n\t\t\t<div class=\"elementor-widget-wrap elementor-element-populated\">\n\t\t\t\t\t\t<div class=\"elementor-element elementor-element-a498aed elementor-widget elementor-widget-heading\" data-id=\"a498aed\" data-element_type=\"widget\" data-e-type=\"widget\" data-widget_type=\"heading.default\">\n\t\t\t\t<div class=\"elementor-widget-container\">\n\t\t\t\t\t<h5 class=\"elementor-heading-title elementor-size-default\">Project partners<\/h5>\t\t\t\t<\/div>\n\t\t\t\t<\/div>\n\t\t\t\t\t<\/div>\n\t\t<\/div>\n\t\t\t\t\t<\/div>\n\t\t<\/section>\n\t\t\t\t<section class=\"elementor-section elementor-top-section elementor-element elementor-element-f1d45d4 elementor-section-boxed elementor-section-height-default elementor-section-height-default\" data-id=\"f1d45d4\" data-element_type=\"section\" data-e-type=\"section\">\n\t\t\t\t\t\t<div class=\"elementor-container elementor-column-gap-default\">\n\t\t\t\t\t<div class=\"elementor-column elementor-col-100 elementor-top-column elementor-element elementor-element-6b329d7\" data-id=\"6b329d7\" data-element_type=\"column\" data-e-type=\"column\">\n\t\t\t<div class=\"elementor-widget-wrap elementor-element-populated\">\n\t\t\t\t\t\t<div class=\"elementor-element elementor-element-c61a3d1 elementor-widget elementor-widget-text-editor\" data-id=\"c61a3d1\" data-element_type=\"widget\" data-e-type=\"widget\" data-widget_type=\"text-editor.default\">\n\t\t\t\t<div class=\"elementor-widget-container\">\n\t\t\t\t\t\t\t\t\t<p>&nbsp;Learnable (Italy),&nbsp;<span style=\"font-size: 14px; color: var( --e-global-color-text ); font-family: var( --e-global-typography-text-font-family ), roboto;\">Budakow Films (Bulgaria),&nbsp;<\/span><span style=\"font-size: 14px; color: var( --e-global-color-text ); font-family: var( --e-global-typography-text-font-family ), roboto;\">University of Valencia (Spain),&nbsp;<\/span><span style=\"font-size: 14px; color: var( --e-global-color-text ); font-family: var( --e-global-typography-text-font-family ), roboto;\">Berlink (Germany)<\/span><\/p>\t\t\t\t\t\t\t\t<\/div>\n\t\t\t\t<\/div>\n\t\t\t\t\t<\/div>\n\t\t<\/div>\n\t\t\t\t\t<\/div>\n\t\t<\/section>\n\t\t\t\t<\/div>\n\t\t","protected":false},"excerpt":{"rendered":"<p>Future Forward &#8211; Empowering adult learners to use AI for everyday life and work Programme Erasmus+&nbsp;Cooperation partnerships in the Adult Sector (Call&nbsp;2024:&nbsp;KA220-ADU)) The European Commission\u2019s support for the production of this publication does not constitute an endorsement of the contents, which reflect the views only of the authors, and the Commission cannot be held responsible &hellip;<\/p>\n<p class=\"read-more\"> <a class=\"\" href=\"https:\/\/en.odpovednaspolecnost.cz\/en\/future-forward\/\"> <span class=\"screen-reader-text\">FUTURE FORWARD &#8211; Empowering adult learners to use AI for everyday life and work<\/span> Pokra\u010dovat ve \u010dten\u00ed &raquo;<\/a><\/p>\n","protected":false},"author":1,"featured_media":0,"parent":0,"menu_order":0,"comment_status":"closed","ping_status":"closed","template":"","meta":{"inline_featured_image":false,"footnotes":""},"class_list":["post-877","page","type-page","status-publish","hentry"],"_links":{"self":[{"href":"https:\/\/en.odpovednaspolecnost.cz\/en\/wp-json\/wp\/v2\/pages\/877","targetHints":{"allow":["GET"]}}],"collection":[{"href":"https:\/\/en.odpovednaspolecnost.cz\/en\/wp-json\/wp\/v2\/pages"}],"about":[{"href":"https:\/\/en.odpovednaspolecnost.cz\/en\/wp-json\/wp\/v2\/types\/page"}],"author":[{"embeddable":true,"href":"https:\/\/en.odpovednaspolecnost.cz\/en\/wp-json\/wp\/v2\/users\/1"}],"replies":[{"embeddable":true,"href":"https:\/\/en.odpovednaspolecnost.cz\/en\/wp-json\/wp\/v2\/comments?post=877"}],"version-history":[{"count":27,"href":"https:\/\/en.odpovednaspolecnost.cz\/en\/wp-json\/wp\/v2\/pages\/877\/revisions"}],"predecessor-version":[{"id":968,"href":"https:\/\/en.odpovednaspolecnost.cz\/en\/wp-json\/wp\/v2\/pages\/877\/revisions\/968"}],"wp:attachment":[{"href":"https:\/\/en.odpovednaspolecnost.cz\/en\/wp-json\/wp\/v2\/media?parent=877"}],"curies":[{"name":"wp","href":"https:\/\/api.w.org\/{rel}","templated":true}]}}