{"id":686,"date":"2023-08-23T14:22:47","date_gmt":"2023-08-23T14:22:47","guid":{"rendered":"https:\/\/en.odpovednaspolecnost.cz\/en\/?page_id=686"},"modified":"2024-10-06T09:22:01","modified_gmt":"2024-10-06T09:22:01","slug":"digi-story-course","status":"publish","type":"page","link":"https:\/\/en.odpovednaspolecnost.cz\/en\/digi-story-course\/","title":{"rendered":"DIGI STORY &#8211; Digital Storytelling for The Third Sector\u200b"},"content":{"rendered":"\t\t<div data-elementor-type=\"wp-page\" data-elementor-id=\"686\" class=\"elementor elementor-686\">\n\t\t\t\t\t\t<section class=\"elementor-section elementor-top-section elementor-element elementor-element-9162cc1 elementor-section-boxed elementor-section-height-default elementor-section-height-default\" data-id=\"9162cc1\" data-element_type=\"section\" data-e-type=\"section\">\n\t\t\t\t\t\t<div class=\"elementor-container elementor-column-gap-default\">\n\t\t\t\t\t<div class=\"elementor-column elementor-col-50 elementor-top-column elementor-element elementor-element-f95eafc\" data-id=\"f95eafc\" data-element_type=\"column\" data-e-type=\"column\">\n\t\t\t<div class=\"elementor-widget-wrap elementor-element-populated\">\n\t\t\t\t\t\t<div class=\"elementor-element elementor-element-9990915 elementor-widget elementor-widget-image\" data-id=\"9990915\" data-element_type=\"widget\" data-e-type=\"widget\" data-widget_type=\"image.default\">\n\t\t\t\t<div class=\"elementor-widget-container\">\n\t\t\t\t\t\t\t\t\t\t\t\t\t\t\t<img fetchpriority=\"high\" decoding=\"async\" width=\"1024\" height=\"577\" src=\"https:\/\/en.odpovednaspolecnost.cz\/en\/wp-content\/uploads\/2023\/08\/digi-story_logo-1024x577.png\" class=\"attachment-large size-large wp-image-670\" alt=\"\" srcset=\"https:\/\/en.odpovednaspolecnost.cz\/en\/wp-content\/uploads\/2023\/08\/digi-story_logo-1024x577.png 1024w, https:\/\/en.odpovednaspolecnost.cz\/en\/wp-content\/uploads\/2023\/08\/digi-story_logo-300x169.png 300w, https:\/\/en.odpovednaspolecnost.cz\/en\/wp-content\/uploads\/2023\/08\/digi-story_logo-768x433.png 768w, https:\/\/en.odpovednaspolecnost.cz\/en\/wp-content\/uploads\/2023\/08\/digi-story_logo.png 1419w\" sizes=\"(max-width: 1024px) 100vw, 1024px\" \/>\t\t\t\t\t\t\t\t\t\t\t\t\t\t\t<\/div>\n\t\t\t\t<\/div>\n\t\t\t\t\t<\/div>\n\t\t<\/div>\n\t\t\t\t<div class=\"elementor-column elementor-col-50 elementor-top-column elementor-element elementor-element-a8d262a\" data-id=\"a8d262a\" data-element_type=\"column\" data-e-type=\"column\">\n\t\t\t<div class=\"elementor-widget-wrap elementor-element-populated\">\n\t\t\t\t\t\t<div class=\"elementor-element elementor-element-3d0db24 elementor-widget__width-initial elementor-widget elementor-widget-image\" data-id=\"3d0db24\" data-element_type=\"widget\" data-e-type=\"widget\" data-widget_type=\"image.default\">\n\t\t\t\t<div class=\"elementor-widget-container\">\n\t\t\t\t\t\t\t\t\t\t\t\t\t\t\t<img decoding=\"async\" width=\"1024\" height=\"228\" src=\"https:\/\/en.odpovednaspolecnost.cz\/en\/wp-content\/uploads\/2024\/05\/EN_Co-fundedbytheEU_RGB_POS-1024x228.png\" class=\"attachment-large size-large wp-image-809\" alt=\"\" srcset=\"https:\/\/en.odpovednaspolecnost.cz\/en\/wp-content\/uploads\/2024\/05\/EN_Co-fundedbytheEU_RGB_POS-1024x228.png 1024w, https:\/\/en.odpovednaspolecnost.cz\/en\/wp-content\/uploads\/2024\/05\/EN_Co-fundedbytheEU_RGB_POS-300x67.png 300w, https:\/\/en.odpovednaspolecnost.cz\/en\/wp-content\/uploads\/2024\/05\/EN_Co-fundedbytheEU_RGB_POS-768x171.png 768w, https:\/\/en.odpovednaspolecnost.cz\/en\/wp-content\/uploads\/2024\/05\/EN_Co-fundedbytheEU_RGB_POS-1536x343.png 1536w, https:\/\/en.odpovednaspolecnost.cz\/en\/wp-content\/uploads\/2024\/05\/EN_Co-fundedbytheEU_RGB_POS-2048x457.png 2048w\" sizes=\"(max-width: 1024px) 100vw, 1024px\" \/>\t\t\t\t\t\t\t\t\t\t\t\t\t\t\t<\/div>\n\t\t\t\t<\/div>\n\t\t\t\t\t<\/div>\n\t\t<\/div>\n\t\t\t\t\t<\/div>\n\t\t<\/section>\n\t\t\t\t<section class=\"elementor-section elementor-top-section elementor-element elementor-element-868bccc elementor-section-boxed elementor-section-height-default elementor-section-height-default\" data-id=\"868bccc\" data-element_type=\"section\" data-e-type=\"section\">\n\t\t\t\t\t\t<div class=\"elementor-container elementor-column-gap-default\">\n\t\t\t\t\t<div class=\"elementor-column elementor-col-100 elementor-top-column elementor-element elementor-element-e103c95\" data-id=\"e103c95\" data-element_type=\"column\" data-e-type=\"column\">\n\t\t\t<div class=\"elementor-widget-wrap elementor-element-populated\">\n\t\t\t\t\t\t<div class=\"elementor-element elementor-element-3a8fe78 elementor-widget elementor-widget-heading\" data-id=\"3a8fe78\" data-element_type=\"widget\" data-e-type=\"widget\" data-widget_type=\"heading.default\">\n\t\t\t\t<div class=\"elementor-widget-container\">\n\t\t\t\t\t<h4 class=\"elementor-heading-title elementor-size-default\"><i>We empower NGOs and young engaged people<\/i><\/h4>\t\t\t\t<\/div>\n\t\t\t\t<\/div>\n\t\t\t\t\t<\/div>\n\t\t<\/div>\n\t\t\t\t\t<\/div>\n\t\t<\/section>\n\t\t\t\t<section class=\"elementor-section elementor-top-section elementor-element elementor-element-55e5f01 elementor-section-boxed elementor-section-height-default elementor-section-height-default\" data-id=\"55e5f01\" data-element_type=\"section\" data-e-type=\"section\">\n\t\t\t\t\t\t<div class=\"elementor-container elementor-column-gap-default\">\n\t\t\t\t\t<div class=\"elementor-column elementor-col-100 elementor-top-column elementor-element elementor-element-5b9d346\" data-id=\"5b9d346\" data-element_type=\"column\" data-e-type=\"column\">\n\t\t\t<div class=\"elementor-widget-wrap elementor-element-populated\">\n\t\t\t\t\t\t<div class=\"elementor-element elementor-element-8e5b873 elementor-widget elementor-widget-heading\" data-id=\"8e5b873\" data-element_type=\"widget\" data-e-type=\"widget\" data-widget_type=\"heading.default\">\n\t\t\t\t<div class=\"elementor-widget-container\">\n\t\t\t\t\t<h2 class=\"elementor-heading-title elementor-size-default\"><div style=\"text-align: center\"><font color=\"#4a4a4a\" face=\"Roboto Slab, serif\"><span style=\"font-weight: 400\">Do you offer socially beneficial solutions? Reach out with your story.<\/span><\/font><span style=\"color: var( --e-global-color-primary );font-family: var( --e-global-typography-primary-font-family ), roboto;font-size: 2.14286rem;font-weight: var( --e-global-typography-primary-font-weight )\"><\/span><\/div><\/h2>\t\t\t\t<\/div>\n\t\t\t\t<\/div>\n\t\t\t\t\t<\/div>\n\t\t<\/div>\n\t\t\t\t\t<\/div>\n\t\t<\/section>\n\t\t\t\t<section class=\"elementor-section elementor-top-section elementor-element elementor-element-7823a74 elementor-section-boxed elementor-section-height-default elementor-section-height-default\" data-id=\"7823a74\" data-element_type=\"section\" data-e-type=\"section\">\n\t\t\t\t\t\t<div class=\"elementor-container elementor-column-gap-default\">\n\t\t\t\t\t<div class=\"elementor-column elementor-col-100 elementor-top-column elementor-element elementor-element-19f4509\" data-id=\"19f4509\" data-element_type=\"column\" data-e-type=\"column\">\n\t\t\t<div class=\"elementor-widget-wrap elementor-element-populated\">\n\t\t\t\t\t\t<div class=\"elementor-element elementor-element-59a7a0a elementor-widget elementor-widget-heading\" data-id=\"59a7a0a\" data-element_type=\"widget\" data-e-type=\"widget\" data-widget_type=\"heading.default\">\n\t\t\t\t<div class=\"elementor-widget-container\">\n\t\t\t\t\t<h1 class=\"elementor-heading-title elementor-size-default\"><div style=\"text-align: center\"><font color=\"#454545\">DIGITAL STORYTELLING for The Third sector<\/font><span style=\"color: var( --e-global-color-primary );font-family: var( --e-global-typography-primary-font-family ), roboto;font-size: 2.85714rem;font-weight: var( --e-global-typography-primary-font-weight )\"><\/span><\/div><\/h1>\t\t\t\t<\/div>\n\t\t\t\t<\/div>\n\t\t\t\t\t<\/div>\n\t\t<\/div>\n\t\t\t\t\t<\/div>\n\t\t<\/section>\n\t\t\t\t<section class=\"elementor-section elementor-top-section elementor-element elementor-element-972e654 elementor-section-boxed elementor-section-height-default elementor-section-height-default\" data-id=\"972e654\" data-element_type=\"section\" data-e-type=\"section\">\n\t\t\t\t\t\t<div class=\"elementor-container elementor-column-gap-default\">\n\t\t\t\t\t<div class=\"elementor-column elementor-col-100 elementor-top-column elementor-element elementor-element-573852f\" data-id=\"573852f\" data-element_type=\"column\" data-e-type=\"column\">\n\t\t\t<div class=\"elementor-widget-wrap elementor-element-populated\">\n\t\t\t\t\t\t<div class=\"elementor-element elementor-element-ed7b179 elementor-widget elementor-widget-text-editor\" data-id=\"ed7b179\" data-element_type=\"widget\" data-e-type=\"widget\" data-widget_type=\"text-editor.default\">\n\t\t\t\t<div class=\"elementor-widget-container\">\n\t\t\t\t\t\t\t\t\t<p><span style=\"font-family: Roboto;\"><span style=\"font-size: 14.6667px;\"><b>We have always communicated important messages through story to reach our listeners. This is still true in today&#8217;s digital age.<\/b><\/span><\/span><\/p>\t\t\t\t\t\t\t\t<\/div>\n\t\t\t\t<\/div>\n\t\t\t\t\t<\/div>\n\t\t<\/div>\n\t\t\t\t\t<\/div>\n\t\t<\/section>\n\t\t\t\t<section class=\"elementor-section elementor-top-section elementor-element elementor-element-84512d0 elementor-section-boxed elementor-section-height-default elementor-section-height-default\" data-id=\"84512d0\" data-element_type=\"section\" data-e-type=\"section\">\n\t\t\t\t\t\t<div class=\"elementor-container elementor-column-gap-default\">\n\t\t\t\t\t<div class=\"elementor-column elementor-col-100 elementor-top-column elementor-element elementor-element-c842ea7\" data-id=\"c842ea7\" data-element_type=\"column\" data-e-type=\"column\">\n\t\t\t<div class=\"elementor-widget-wrap elementor-element-populated\">\n\t\t\t\t\t\t<div class=\"elementor-element elementor-element-22ff22d elementor-widget elementor-widget-text-editor\" data-id=\"22ff22d\" data-element_type=\"widget\" data-e-type=\"widget\" data-widget_type=\"text-editor.default\">\n\t\t\t\t<div class=\"elementor-widget-container\">\n\t\t\t\t\t\t\t\t\t<p><span style=\"font-size: 14px; font-style: normal; font-weight: 400;\">Programme Erasmus+\u00a0<\/span><span style=\"font-size: 14px; font-style: normal; font-weight: 400; color: var( --e-global-color-text ); font-family: var( --e-global-typography-text-font-family ), roboto;\">Cooperation partnerships in School Education (<\/span><span style=\"font-size: 14px; font-style: normal; font-weight: 400; color: var( --e-global-color-text ); font-family: var( --e-global-typography-text-font-family ), roboto;\">Call\u00a0<\/span><span style=\"font-size: 14px; font-style: normal; font-weight: 400;\">2023: KA210-ADU<\/span><span style=\"font-size: 14px; font-style: normal; font-weight: 400; color: var( --e-global-color-text ); font-family: var( --e-global-typography-text-font-family ), roboto;\">)<\/span><\/p><p>The European Commission\u2019s support for the production of this publication does not constitute an endorsement of the contents, which reflect the views only of the authors, and the Commission cannot be held responsible for any use which may be made of the information contained therein.<\/p>\t\t\t\t\t\t\t\t<\/div>\n\t\t\t\t<\/div>\n\t\t\t\t\t<\/div>\n\t\t<\/div>\n\t\t\t\t\t<\/div>\n\t\t<\/section>\n\t\t\t\t<section class=\"elementor-section elementor-top-section elementor-element elementor-element-5f7be44 elementor-section-boxed elementor-section-height-default elementor-section-height-default\" data-id=\"5f7be44\" data-element_type=\"section\" data-e-type=\"section\">\n\t\t\t\t\t\t<div class=\"elementor-container elementor-column-gap-default\">\n\t\t\t\t\t<div class=\"elementor-column elementor-col-100 elementor-top-column elementor-element elementor-element-cfeaa1b\" data-id=\"cfeaa1b\" data-element_type=\"column\" data-e-type=\"column\">\n\t\t\t<div class=\"elementor-widget-wrap elementor-element-populated\">\n\t\t\t\t\t\t<div class=\"elementor-element elementor-element-4bb7046 elementor-widget elementor-widget-text-editor\" data-id=\"4bb7046\" data-element_type=\"widget\" data-e-type=\"widget\" data-widget_type=\"text-editor.default\">\n\t\t\t\t<div class=\"elementor-widget-container\">\n\t\t\t\t\t\t\t\t\t<p>In order to strengthen non-profit organizations, together with our partners in Italy\u00a0<span style=\"font-size: 14px; font-style: normal; font-weight: 400;\">(<\/span><a style=\"font-size: 14px; font-style: normal; background-color: #ffffff;\" href=\"https:\/\/www.laltracitta.it\/ac\/\" target=\"_blank\" rel=\"noopener\">L\u2019Altra Citt\u00e0<\/a>) and Lithuania\u00a0(<a style=\"font-size: 14px; font-style: normal; background-color: #ffffff;\" href=\"https:\/\/alytausmuzika.lt\/\" target=\"_blank\" rel=\"noopener\">Alytus Music School<\/a>), we have prepared a comprehensive\u00a0<b>practical storytelling course where you will learn<\/b><span style=\"font-size: 14px; font-style: normal; font-weight: 400;\">:<\/span><\/p>\t\t\t\t\t\t\t\t<\/div>\n\t\t\t\t<\/div>\n\t\t\t\t\t<\/div>\n\t\t<\/div>\n\t\t\t\t\t<\/div>\n\t\t<\/section>\n\t\t\t\t<section class=\"elementor-section elementor-top-section elementor-element elementor-element-96d143e elementor-section-boxed elementor-section-height-default elementor-section-height-default\" data-id=\"96d143e\" data-element_type=\"section\" data-e-type=\"section\">\n\t\t\t\t\t\t<div class=\"elementor-container elementor-column-gap-default\">\n\t\t\t\t\t<div class=\"elementor-column elementor-col-100 elementor-top-column elementor-element elementor-element-e749d33\" data-id=\"e749d33\" data-element_type=\"column\" data-e-type=\"column\">\n\t\t\t<div class=\"elementor-widget-wrap elementor-element-populated\">\n\t\t\t\t\t\t<div class=\"elementor-element elementor-element-f6fe22c elementor-widget elementor-widget-text-editor\" data-id=\"f6fe22c\" data-element_type=\"widget\" data-e-type=\"widget\" data-widget_type=\"text-editor.default\">\n\t\t\t\t<div class=\"elementor-widget-container\">\n\t\t\t\t\t\t\t\t\t<ul><li>Formulate the message in the form of a story to appeal to the target group<\/li><li>Use different social networks to reach the target group<\/li><li>Use music and other artistic means to support your story<\/li><li>Formulate your message to effectively reach your target audience (copywriting)<\/li><li>Create digital content using Canva<\/li><li>Create video animations to support your story narrative<\/li><\/ul>\t\t\t\t\t\t\t\t<\/div>\n\t\t\t\t<\/div>\n\t\t\t\t\t<\/div>\n\t\t<\/div>\n\t\t\t\t\t<\/div>\n\t\t<\/section>\n\t\t\t\t<section class=\"elementor-section elementor-top-section elementor-element elementor-element-3d07aa1 elementor-section-boxed elementor-section-height-default elementor-section-height-default\" data-id=\"3d07aa1\" data-element_type=\"section\" data-e-type=\"section\">\n\t\t\t\t\t\t<div class=\"elementor-container elementor-column-gap-default\">\n\t\t\t\t\t<div class=\"elementor-column elementor-col-100 elementor-top-column elementor-element elementor-element-a42541e\" data-id=\"a42541e\" data-element_type=\"column\" data-e-type=\"column\">\n\t\t\t<div class=\"elementor-widget-wrap elementor-element-populated\">\n\t\t\t\t\t\t<div class=\"elementor-element elementor-element-b9c7d26 elementor-widget elementor-widget-text-editor\" data-id=\"b9c7d26\" data-element_type=\"widget\" data-e-type=\"widget\" data-widget_type=\"text-editor.default\">\n\t\t\t\t<div class=\"elementor-widget-container\">\n\t\t\t\t\t\t\t\t\t<p>The course will be led by experienced experts in the field of social media presentation, copywriting, image and video creation, use of music and artistic presentation tools.<\/p><p>During the course you will meet representatives of the non-profit sector from Italy and Lithuania and share your stories with them. The course is now open for 10 participants from the Czech Republic<\/p>\t\t\t\t\t\t\t\t<\/div>\n\t\t\t\t<\/div>\n\t\t\t\t\t<\/div>\n\t\t<\/div>\n\t\t\t\t\t<\/div>\n\t\t<\/section>\n\t\t\t\t<section class=\"elementor-section elementor-top-section elementor-element elementor-element-07066f0 elementor-section-boxed elementor-section-height-default elementor-section-height-default\" data-id=\"07066f0\" data-element_type=\"section\" data-e-type=\"section\">\n\t\t\t\t\t\t<div class=\"elementor-container elementor-column-gap-default\">\n\t\t\t\t\t<div class=\"elementor-column elementor-col-100 elementor-top-column elementor-element elementor-element-e2b540b\" data-id=\"e2b540b\" data-element_type=\"column\" data-e-type=\"column\">\n\t\t\t<div class=\"elementor-widget-wrap elementor-element-populated\">\n\t\t\t\t\t\t<div class=\"elementor-element elementor-element-32e9964 elementor-align-right elementor-widget elementor-widget-button\" data-id=\"32e9964\" data-element_type=\"widget\" data-e-type=\"widget\" data-widget_type=\"button.default\">\n\t\t\t\t<div class=\"elementor-widget-container\">\n\t\t\t\t\t\t\t\t\t<div class=\"elementor-button-wrapper\">\n\t\t\t\t\t<a class=\"elementor-button elementor-button-link elementor-size-sm\" href=\"https:\/\/www.digistories.eu\/\">\n\t\t\t\t\t\t<span class=\"elementor-button-content-wrapper\">\n\t\t\t\t\t\t\t\t\t<span class=\"elementor-button-text\">More information on project webpage<\/span>\n\t\t\t\t\t<\/span>\n\t\t\t\t\t<\/a>\n\t\t\t\t<\/div>\n\t\t\t\t\t\t\t\t<\/div>\n\t\t\t\t<\/div>\n\t\t\t\t\t<\/div>\n\t\t<\/div>\n\t\t\t\t\t<\/div>\n\t\t<\/section>\n\t\t\t\t<section class=\"elementor-section elementor-top-section elementor-element elementor-element-05f06e0 elementor-section-boxed elementor-section-height-default elementor-section-height-default\" data-id=\"05f06e0\" data-element_type=\"section\" data-e-type=\"section\">\n\t\t\t\t\t\t<div class=\"elementor-container elementor-column-gap-default\">\n\t\t\t\t\t<div class=\"elementor-column elementor-col-100 elementor-top-column elementor-element elementor-element-a872543\" data-id=\"a872543\" data-element_type=\"column\" data-e-type=\"column\">\n\t\t\t<div class=\"elementor-widget-wrap elementor-element-populated\">\n\t\t\t\t\t\t<div class=\"elementor-element elementor-element-c78dd11 elementor-widget elementor-widget-heading\" data-id=\"c78dd11\" data-element_type=\"widget\" data-e-type=\"widget\" data-widget_type=\"heading.default\">\n\t\t\t\t<div class=\"elementor-widget-container\">\n\t\t\t\t\t<h4 class=\"elementor-heading-title elementor-size-default\">Project partners<\/h4>\t\t\t\t<\/div>\n\t\t\t\t<\/div>\n\t\t\t\t\t<\/div>\n\t\t<\/div>\n\t\t\t\t\t<\/div>\n\t\t<\/section>\n\t\t\t\t<section class=\"elementor-section elementor-top-section elementor-element elementor-element-fc6c19d elementor-section-boxed elementor-section-height-default elementor-section-height-default\" data-id=\"fc6c19d\" data-element_type=\"section\" data-e-type=\"section\">\n\t\t\t\t\t\t<div class=\"elementor-container elementor-column-gap-default\">\n\t\t\t\t\t<div class=\"elementor-column elementor-col-33 elementor-top-column elementor-element elementor-element-51df66d\" data-id=\"51df66d\" data-element_type=\"column\" data-e-type=\"column\">\n\t\t\t<div class=\"elementor-widget-wrap elementor-element-populated\">\n\t\t\t\t\t\t<div class=\"elementor-element elementor-element-0f6c0a4 elementor-widget elementor-widget-image\" data-id=\"0f6c0a4\" data-element_type=\"widget\" data-e-type=\"widget\" data-widget_type=\"image.default\">\n\t\t\t\t<div class=\"elementor-widget-container\">\n\t\t\t\t\t\t\t\t\t\t\t\t\t\t\t<img decoding=\"async\" width=\"300\" height=\"169\" src=\"https:\/\/en.odpovednaspolecnost.cz\/en\/wp-content\/uploads\/2022\/12\/os-eng-logo_sm.png\" class=\"attachment-medium size-medium wp-image-489\" alt=\"\" \/>\t\t\t\t\t\t\t\t\t\t\t\t\t\t\t<\/div>\n\t\t\t\t<\/div>\n\t\t\t\t\t<\/div>\n\t\t<\/div>\n\t\t\t\t<div class=\"elementor-column elementor-col-33 elementor-top-column elementor-element elementor-element-acfa0d0\" data-id=\"acfa0d0\" data-element_type=\"column\" data-e-type=\"column\">\n\t\t\t<div class=\"elementor-widget-wrap elementor-element-populated\">\n\t\t\t\t\t\t<div class=\"elementor-element elementor-element-13331da elementor-widget elementor-widget-image\" data-id=\"13331da\" data-element_type=\"widget\" data-e-type=\"widget\" data-widget_type=\"image.default\">\n\t\t\t\t<div class=\"elementor-widget-container\">\n\t\t\t\t\t\t\t\t\t\t\t\t\t\t\t<img loading=\"lazy\" decoding=\"async\" width=\"300\" height=\"169\" src=\"https:\/\/en.odpovednaspolecnost.cz\/en\/wp-content\/uploads\/2023\/08\/logo_AlytMM-300x169.png\" class=\"attachment-medium size-medium wp-image-672\" alt=\"\" srcset=\"https:\/\/en.odpovednaspolecnost.cz\/en\/wp-content\/uploads\/2023\/08\/logo_AlytMM-300x169.png 300w, https:\/\/en.odpovednaspolecnost.cz\/en\/wp-content\/uploads\/2023\/08\/logo_AlytMM-1024x577.png 1024w, https:\/\/en.odpovednaspolecnost.cz\/en\/wp-content\/uploads\/2023\/08\/logo_AlytMM-768x433.png 768w, https:\/\/en.odpovednaspolecnost.cz\/en\/wp-content\/uploads\/2023\/08\/logo_AlytMM.png 1419w\" sizes=\"(max-width: 300px) 100vw, 300px\" \/>\t\t\t\t\t\t\t\t\t\t\t\t\t\t\t<\/div>\n\t\t\t\t<\/div>\n\t\t\t\t\t<\/div>\n\t\t<\/div>\n\t\t\t\t<div class=\"elementor-column elementor-col-33 elementor-top-column elementor-element elementor-element-c7179ac\" data-id=\"c7179ac\" data-element_type=\"column\" data-e-type=\"column\">\n\t\t\t<div class=\"elementor-widget-wrap elementor-element-populated\">\n\t\t\t\t\t\t<div class=\"elementor-element elementor-element-fd38d20 elementor-widget elementor-widget-image\" data-id=\"fd38d20\" data-element_type=\"widget\" data-e-type=\"widget\" data-widget_type=\"image.default\">\n\t\t\t\t<div class=\"elementor-widget-container\">\n\t\t\t\t\t\t\t\t\t\t\t\t\t\t\t<img loading=\"lazy\" decoding=\"async\" width=\"300\" height=\"169\" src=\"https:\/\/en.odpovednaspolecnost.cz\/en\/wp-content\/uploads\/2023\/08\/logo_Laltra-Citty-300x169.png\" class=\"attachment-medium size-medium wp-image-673\" alt=\"\" srcset=\"https:\/\/en.odpovednaspolecnost.cz\/en\/wp-content\/uploads\/2023\/08\/logo_Laltra-Citty-300x169.png 300w, https:\/\/en.odpovednaspolecnost.cz\/en\/wp-content\/uploads\/2023\/08\/logo_Laltra-Citty-1024x577.png 1024w, https:\/\/en.odpovednaspolecnost.cz\/en\/wp-content\/uploads\/2023\/08\/logo_Laltra-Citty-768x433.png 768w, https:\/\/en.odpovednaspolecnost.cz\/en\/wp-content\/uploads\/2023\/08\/logo_Laltra-Citty.png 1419w\" sizes=\"(max-width: 300px) 100vw, 300px\" \/>\t\t\t\t\t\t\t\t\t\t\t\t\t\t\t<\/div>\n\t\t\t\t<\/div>\n\t\t\t\t\t<\/div>\n\t\t<\/div>\n\t\t\t\t\t<\/div>\n\t\t<\/section>\n\t\t\t\t<\/div>\n\t\t","protected":false},"excerpt":{"rendered":"<p>We empower NGOs and young engaged people Do you offer socially beneficial solutions? Reach out with your story. DIGITAL STORYTELLING for The Third sector We have always communicated important messages through story to reach our listeners. This is still true in today&#8217;s digital age. Programme Erasmus+\u00a0Cooperation partnerships in School Education (Call\u00a02023: KA210-ADU) The European Commission\u2019s &hellip;<\/p>\n<p class=\"read-more\"> <a class=\"\" href=\"https:\/\/en.odpovednaspolecnost.cz\/en\/digi-story-course\/\"> <span class=\"screen-reader-text\">DIGI STORY &#8211; Digital Storytelling for The Third Sector\u200b<\/span> Pokra\u010dovat ve \u010dten\u00ed &raquo;<\/a><\/p>\n","protected":false},"author":1,"featured_media":0,"parent":0,"menu_order":0,"comment_status":"closed","ping_status":"closed","template":"","meta":{"inline_featured_image":false,"footnotes":""},"class_list":["post-686","page","type-page","status-publish","hentry"],"_links":{"self":[{"href":"https:\/\/en.odpovednaspolecnost.cz\/en\/wp-json\/wp\/v2\/pages\/686","targetHints":{"allow":["GET"]}}],"collection":[{"href":"https:\/\/en.odpovednaspolecnost.cz\/en\/wp-json\/wp\/v2\/pages"}],"about":[{"href":"https:\/\/en.odpovednaspolecnost.cz\/en\/wp-json\/wp\/v2\/types\/page"}],"author":[{"embeddable":true,"href":"https:\/\/en.odpovednaspolecnost.cz\/en\/wp-json\/wp\/v2\/users\/1"}],"replies":[{"embeddable":true,"href":"https:\/\/en.odpovednaspolecnost.cz\/en\/wp-json\/wp\/v2\/comments?post=686"}],"version-history":[{"count":39,"href":"https:\/\/en.odpovednaspolecnost.cz\/en\/wp-json\/wp\/v2\/pages\/686\/revisions"}],"predecessor-version":[{"id":926,"href":"https:\/\/en.odpovednaspolecnost.cz\/en\/wp-json\/wp\/v2\/pages\/686\/revisions\/926"}],"wp:attachment":[{"href":"https:\/\/en.odpovednaspolecnost.cz\/en\/wp-json\/wp\/v2\/media?parent=686"}],"curies":[{"name":"wp","href":"https:\/\/api.w.org\/{rel}","templated":true}]}}